{"id":11,"date":"2016-02-24T22:54:00","date_gmt":"2016-02-24T21:54:00","guid":{"rendered":"http:\/\/michael-havers.de\/oberstadt-agenda\/?page_id=11"},"modified":"2019-11-14T15:05:37","modified_gmt":"2019-11-14T14:05:37","slug":"ueber-uns","status":"publish","type":"page","link":"https:\/\/oberstadt-agenda-rv.de\/?page_id=11","title":{"rendered":"\u00dcber uns"},"content":{"rendered":"<p>Vorg\u00e4nger der Oberstadt Agendagruppe war das Oberstadt-Forum. In dessen Rahmen waren im Herbst 2011 Anwohner angetreten um die Lebensqualit\u00e4t der Innenstadtbewohner inmitten der historischen Ravensburger Altstadt zu verbessern.<\/p>\n<p>Aus dieser Gruppe wurde am 03.02.2012 die Oberstadtagenda gegr\u00fcndet, mit dem Ziel der nachhaltigen Sicherung und F\u00f6rderung der Wohn- und Lebensqualit\u00e4t in der Ravensburger Oberstadt.<\/p>\n","protected":false},"excerpt":{"rendered":"<p>Vorg\u00e4nger der Oberstadt Agendagruppe war das Oberstadt-Forum. In dessen Rahmen waren im Herbst 2011 Anwohner angetreten um die Lebensqualit\u00e4t der Innenstadtbewohner inmitten der historischen Ravensburger Altstadt zu verbessern. Aus dieser Gruppe wurde am 03.02.2012 die Oberstadtagenda gegr\u00fcndet, mit dem Ziel der nachhaltigen Sicherung und F\u00f6rderung der Wohn- und Lebensqualit\u00e4t in der Ravensburger Oberstadt.<\/p>\n","protected":false},"author":1,"featured_media":0,"parent":0,"menu_order":3,"comment_status":"closed","ping_status":"open","template":"","meta":{"footnotes":""},"class_list":["post-11","page","type-page","status-publish","hentry"],"yoast_head":"<!-- This site is optimized with the Yoast SEO plugin v25.2 - https:\/\/yoast.com\/wordpress\/plugins\/seo\/ -->\n<title>\u00dcber uns - Oberstadt-Agenda Ravensburg<\/title>\n<meta name=\"robots\" content=\"index, follow, max-snippet:-1, max-image-preview:large, max-video-preview:-1\" \/>\n<link rel=\"canonical\" href=\"https:\/\/oberstadt-agenda-rv.de\/?page_id=11\" \/>\n<meta property=\"og:locale\" content=\"de_DE\" \/>\n<meta property=\"og:type\" content=\"article\" \/>\n<meta property=\"og:title\" content=\"\u00dcber uns - Oberstadt-Agenda Ravensburg\" \/>\n<meta property=\"og:description\" content=\"Vorg\u00e4nger der Oberstadt Agendagruppe war das Oberstadt-Forum. In dessen Rahmen waren im Herbst 2011 Anwohner angetreten um die Lebensqualit\u00e4t der Innenstadtbewohner inmitten der historischen Ravensburger Altstadt zu verbessern. Aus dieser Gruppe wurde am 03.02.2012 die Oberstadtagenda gegr\u00fcndet, mit dem Ziel der nachhaltigen Sicherung und F\u00f6rderung der Wohn- und Lebensqualit\u00e4t in der Ravensburger Oberstadt.\" \/>\n<meta property=\"og:url\" content=\"https:\/\/oberstadt-agenda-rv.de\/?page_id=11\" \/>\n<meta property=\"og:site_name\" content=\"Oberstadt-Agenda Ravensburg\" \/>\n<meta property=\"article:modified_time\" content=\"2019-11-14T14:05:37+00:00\" \/>\n<meta name=\"twitter:card\" content=\"summary_large_image\" \/>\n<script type=\"application\/ld+json\" class=\"yoast-schema-graph\">{\"@context\":\"https:\/\/schema.org\",\"@graph\":[{\"@type\":\"WebPage\",\"@id\":\"https:\/\/oberstadt-agenda-rv.de\/?page_id=11\",\"url\":\"https:\/\/oberstadt-agenda-rv.de\/?page_id=11\",\"name\":\"\u00dcber uns - Oberstadt-Agenda Ravensburg\",\"isPartOf\":{\"@id\":\"https:\/\/oberstadt-agenda-rv.de\/#website\"},\"datePublished\":\"2016-02-24T21:54:00+00:00\",\"dateModified\":\"2019-11-14T14:05:37+00:00\",\"breadcrumb\":{\"@id\":\"https:\/\/oberstadt-agenda-rv.de\/?page_id=11#breadcrumb\"},\"inLanguage\":\"de\",\"potentialAction\":[{\"@type\":\"ReadAction\",\"target\":[\"https:\/\/oberstadt-agenda-rv.de\/?page_id=11\"]}]},{\"@type\":\"BreadcrumbList\",\"@id\":\"https:\/\/oberstadt-agenda-rv.de\/?page_id=11#breadcrumb\",\"itemListElement\":[{\"@type\":\"ListItem\",\"position\":1,\"name\":\"Startseite\",\"item\":\"https:\/\/oberstadt-agenda-rv.de\/\"},{\"@type\":\"ListItem\",\"position\":2,\"name\":\"\u00dcber uns\"}]},{\"@type\":\"WebSite\",\"@id\":\"https:\/\/oberstadt-agenda-rv.de\/#website\",\"url\":\"https:\/\/oberstadt-agenda-rv.de\/\",\"name\":\"Oberstadt-Agenda Ravensburg\",\"description\":\"F\u00fcr bessere Wohnqualit\u00e4t\",\"publisher\":{\"@id\":\"https:\/\/oberstadt-agenda-rv.de\/#organization\"},\"potentialAction\":[{\"@type\":\"SearchAction\",\"target\":{\"@type\":\"EntryPoint\",\"urlTemplate\":\"https:\/\/oberstadt-agenda-rv.de\/?s={search_term_string}\"},\"query-input\":{\"@type\":\"PropertyValueSpecification\",\"valueRequired\":true,\"valueName\":\"search_term_string\"}}],\"inLanguage\":\"de\"},{\"@type\":\"Organization\",\"@id\":\"https:\/\/oberstadt-agenda-rv.de\/#organization\",\"name\":\"Oberstadt-Agenda Ravensburg\",\"url\":\"https:\/\/oberstadt-agenda-rv.de\/\",\"logo\":{\"@type\":\"ImageObject\",\"inLanguage\":\"de\",\"@id\":\"https:\/\/oberstadt-agenda-rv.de\/#\/schema\/logo\/image\/\",\"url\":\"https:\/\/oberstadt-agenda-rv.de\/wp-content\/uploads\/2019\/11\/cropped-city-1994690_1920.jpg\",\"contentUrl\":\"https:\/\/oberstadt-agenda-rv.de\/wp-content\/uploads\/2019\/11\/cropped-city-1994690_1920.jpg\",\"width\":2000,\"height\":1200,\"caption\":\"Oberstadt-Agenda Ravensburg\"},\"image\":{\"@id\":\"https:\/\/oberstadt-agenda-rv.de\/#\/schema\/logo\/image\/\"}}]}<\/script>\n<!-- \/ Yoast SEO plugin. -->","yoast_head_json":{"title":"\u00dcber uns - Oberstadt-Agenda Ravensburg","robots":{"index":"index","follow":"follow","max-snippet":"max-snippet:-1","max-image-preview":"max-image-preview:large","max-video-preview":"max-video-preview:-1"},"canonical":"https:\/\/oberstadt-agenda-rv.de\/?page_id=11","og_locale":"de_DE","og_type":"article","og_title":"\u00dcber uns - Oberstadt-Agenda Ravensburg","og_description":"Vorg\u00e4nger der Oberstadt Agendagruppe war das Oberstadt-Forum. In dessen Rahmen waren im Herbst 2011 Anwohner angetreten um die Lebensqualit\u00e4t der Innenstadtbewohner inmitten der historischen Ravensburger Altstadt zu verbessern. Aus dieser Gruppe wurde am 03.02.2012 die Oberstadtagenda gegr\u00fcndet, mit dem Ziel der nachhaltigen Sicherung und F\u00f6rderung der Wohn- und Lebensqualit\u00e4t in der Ravensburger Oberstadt.","og_url":"https:\/\/oberstadt-agenda-rv.de\/?page_id=11","og_site_name":"Oberstadt-Agenda Ravensburg","article_modified_time":"2019-11-14T14:05:37+00:00","twitter_card":"summary_large_image","schema":{"@context":"https:\/\/schema.org","@graph":[{"@type":"WebPage","@id":"https:\/\/oberstadt-agenda-rv.de\/?page_id=11","url":"https:\/\/oberstadt-agenda-rv.de\/?page_id=11","name":"\u00dcber uns - Oberstadt-Agenda Ravensburg","isPartOf":{"@id":"https:\/\/oberstadt-agenda-rv.de\/#website"},"datePublished":"2016-02-24T21:54:00+00:00","dateModified":"2019-11-14T14:05:37+00:00","breadcrumb":{"@id":"https:\/\/oberstadt-agenda-rv.de\/?page_id=11#breadcrumb"},"inLanguage":"de","potentialAction":[{"@type":"ReadAction","target":["https:\/\/oberstadt-agenda-rv.de\/?page_id=11"]}]},{"@type":"BreadcrumbList","@id":"https:\/\/oberstadt-agenda-rv.de\/?page_id=11#breadcrumb","itemListElement":[{"@type":"ListItem","position":1,"name":"Startseite","item":"https:\/\/oberstadt-agenda-rv.de\/"},{"@type":"ListItem","position":2,"name":"\u00dcber uns"}]},{"@type":"WebSite","@id":"https:\/\/oberstadt-agenda-rv.de\/#website","url":"https:\/\/oberstadt-agenda-rv.de\/","name":"Oberstadt-Agenda Ravensburg","description":"F\u00fcr bessere Wohnqualit\u00e4t","publisher":{"@id":"https:\/\/oberstadt-agenda-rv.de\/#organization"},"potentialAction":[{"@type":"SearchAction","target":{"@type":"EntryPoint","urlTemplate":"https:\/\/oberstadt-agenda-rv.de\/?s={search_term_string}"},"query-input":{"@type":"PropertyValueSpecification","valueRequired":true,"valueName":"search_term_string"}}],"inLanguage":"de"},{"@type":"Organization","@id":"https:\/\/oberstadt-agenda-rv.de\/#organization","name":"Oberstadt-Agenda Ravensburg","url":"https:\/\/oberstadt-agenda-rv.de\/","logo":{"@type":"ImageObject","inLanguage":"de","@id":"https:\/\/oberstadt-agenda-rv.de\/#\/schema\/logo\/image\/","url":"https:\/\/oberstadt-agenda-rv.de\/wp-content\/uploads\/2019\/11\/cropped-city-1994690_1920.jpg","contentUrl":"https:\/\/oberstadt-agenda-rv.de\/wp-content\/uploads\/2019\/11\/cropped-city-1994690_1920.jpg","width":2000,"height":1200,"caption":"Oberstadt-Agenda Ravensburg"},"image":{"@id":"https:\/\/oberstadt-agenda-rv.de\/#\/schema\/logo\/image\/"}}]}},"_links":{"self":[{"href":"https:\/\/oberstadt-agenda-rv.de\/index.php?rest_route=\/wp\/v2\/pages\/11","targetHints":{"allow":["GET"]}}],"collection":[{"href":"https:\/\/oberstadt-agenda-rv.de\/index.php?rest_route=\/wp\/v2\/pages"}],"about":[{"href":"https:\/\/oberstadt-agenda-rv.de\/index.php?rest_route=\/wp\/v2\/types\/page"}],"author":[{"embeddable":true,"href":"https:\/\/oberstadt-agenda-rv.de\/index.php?rest_route=\/wp\/v2\/users\/1"}],"replies":[{"embeddable":true,"href":"https:\/\/oberstadt-agenda-rv.de\/index.php?rest_route=%2Fwp%2Fv2%2Fcomments&post=11"}],"version-history":[{"count":4,"href":"https:\/\/oberstadt-agenda-rv.de\/index.php?rest_route=\/wp\/v2\/pages\/11\/revisions"}],"predecessor-version":[{"id":230,"href":"https:\/\/oberstadt-agenda-rv.de\/index.php?rest_route=\/wp\/v2\/pages\/11\/revisions\/230"}],"wp:attachment":[{"href":"https:\/\/oberstadt-agenda-rv.de\/index.php?rest_route=%2Fwp%2Fv2%2Fmedia&parent=11"}],"curies":[{"name":"wp","href":"https:\/\/api.w.org\/{rel}","templated":true}]}}