{"id":17,"date":"2016-02-24T22:55:14","date_gmt":"2016-02-24T21:55:14","guid":{"rendered":"http:\/\/michael-havers.de\/oberstadt-agenda\/?page_id=17"},"modified":"2025-02-26T09:29:19","modified_gmt":"2025-02-26T08:29:19","slug":"impressum","status":"publish","type":"page","link":"https:\/\/oberstadt-agenda-rv.de\/?page_id=17","title":{"rendered":"Impressum | Datenschutz"},"content":{"rendered":"<p>Oberstadt-Agenda, vertreten durch den Agendagruppensprecher:<\/p>\n<p>Manfred Lenz, Marktstra\u00dfe 32, 88212 Ravensburg, Tel.siehe unter <a href=\"http:\/\/michael-havers.de\/oberstadt-agenda\/?page_id=15\">Kontakt<\/a>.<\/p>\n<p>&nbsp;<\/p>\n<p><strong>Haftungshinweis<\/strong><\/p>\n<p>Trotz sorgf\u00e4ltiger inhaltlicher Kontrolle \u00fcbernehmen wir keine Haftung f\u00fcr die Inhalte externer Links. F\u00fcr den Inhalt der verlinkten Seiten sind ausschlie\u00dflich deren Betreiber verantwortlich.<\/p>\n<p><strong>Datenschutz<\/strong><\/p>\n<p>Die Nutzung unserer Webseite ist in der Regel ohne Angabe personenbezogener Daten m\u00f6glich. Soweit auf unseren Seiten personenbezogene Daten (beispielsweise Name,<br \/>\nAnschrift oder eMail-Adressen) erhoben werden, erfolgt dies, soweit m\u00f6glich, stets auf freiwilliger Basis. Diese Daten werden ohne Ihre ausdr\u00fcckliche Zustimmung nicht an Dritte weitergegeben.<\/p>\n<p>Wir weisen darauf hin, dass die Daten\u00fcbertragung im Internet (z.B.<br \/>\nbei der Kommunikation per E-Mail) Sicherheitsl\u00fccken aufweisen kann.<br \/>\nEin l\u00fcckenloser Schutz der Daten vor dem Zugriff durch Dritte ist nicht<br \/>\nm\u00f6glich.<\/p>\n<p>Der Nutzung von im Rahmen der Impressumspflicht ver\u00f6ffentlichten Kontaktdaten<br \/>\ndurch Dritte zur \u00dcbersendung von nicht ausdr\u00fccklich angeforderter<br \/>\nWerbung und Informationsmaterialien wird hiermit ausdr\u00fccklich widersprochen.<br \/>\nDie Betreiber der Seiten behalten sich ausdr\u00fccklich rechtliche Schritte<br \/>\nim Falle der unverlangten Zusendung von Werbeinformationen, etwa durch Spam-Mails,<br \/>\nvor.<\/p>\n<p><strong>Bildquellen<br \/>\n<\/strong><\/p>\n<p>VIVOWALLPAPER &#8211; <a href=\"http:\/\/www.vivowallpaper.com\/wallpaper\/ravensburg-67499\" target=\"_blank\" rel=\"noopener\">http:\/\/www.vivowallpaper.com\/wallpaper\/ravensburg-67499<\/a><\/p>\n<p>pixabay &#8211; <a href=\"https:\/\/pixabay.com\/photos\/city-ravensburg-flour-sack-downtown-1994690\/\" target=\"_blank\" rel=\"noopener\">https:\/\/pixabay.com\/photos\/city-ravensburg-flour-sack-downtown-1994690\/<\/a><\/p>\n","protected":false},"excerpt":{"rendered":"<p>Oberstadt-Agenda, vertreten durch den Agendagruppensprecher: Manfred Lenz, Marktstra\u00dfe 32, 88212 Ravensburg, Tel.siehe unter Kontakt. &nbsp; Haftungshinweis Trotz sorgf\u00e4ltiger inhaltlicher Kontrolle \u00fcbernehmen wir keine Haftung f\u00fcr die Inhalte externer Links. F\u00fcr den Inhalt der verlinkten Seiten sind ausschlie\u00dflich deren Betreiber verantwortlich. Datenschutz Die Nutzung unserer Webseite ist in der Regel ohne Angabe personenbezogener Daten m\u00f6glich. Soweit &hellip; <\/p>\n<p class=\"link-more\"><a href=\"https:\/\/oberstadt-agenda-rv.de\/?page_id=17\" class=\"more-link\"><span class=\"screen-reader-text\">\u201eImpressum | Datenschutz\u201c<\/span> weiterlesen<\/a><\/p>\n","protected":false},"author":1,"featured_media":0,"parent":0,"menu_order":6,"comment_status":"closed","ping_status":"open","template":"","meta":{"footnotes":""},"class_list":["post-17","page","type-page","status-publish","hentry"],"yoast_head":"<!-- This site is optimized with the Yoast SEO plugin v25.2 - https:\/\/yoast.com\/wordpress\/plugins\/seo\/ -->\n<title>Impressum | Datenschutz - Oberstadt-Agenda Ravensburg<\/title>\n<meta name=\"robots\" content=\"index, follow, max-snippet:-1, max-image-preview:large, max-video-preview:-1\" \/>\n<link rel=\"canonical\" href=\"https:\/\/oberstadt-agenda-rv.de\/?page_id=17\" \/>\n<meta property=\"og:locale\" content=\"de_DE\" \/>\n<meta property=\"og:type\" content=\"article\" \/>\n<meta property=\"og:title\" content=\"Impressum | Datenschutz - Oberstadt-Agenda Ravensburg\" \/>\n<meta property=\"og:description\" content=\"Oberstadt-Agenda, vertreten durch den Agendagruppensprecher: Manfred Lenz, Marktstra\u00dfe 32, 88212 Ravensburg, Tel.siehe unter Kontakt. &nbsp; Haftungshinweis Trotz sorgf\u00e4ltiger inhaltlicher Kontrolle \u00fcbernehmen wir keine Haftung f\u00fcr die Inhalte externer Links. F\u00fcr den Inhalt der verlinkten Seiten sind ausschlie\u00dflich deren Betreiber verantwortlich. Datenschutz Die Nutzung unserer Webseite ist in der Regel ohne Angabe personenbezogener Daten m\u00f6glich. Soweit &hellip; \u201eImpressum | Datenschutz\u201c weiterlesen\" \/>\n<meta property=\"og:url\" content=\"https:\/\/oberstadt-agenda-rv.de\/?page_id=17\" \/>\n<meta property=\"og:site_name\" content=\"Oberstadt-Agenda Ravensburg\" \/>\n<meta property=\"article:modified_time\" content=\"2025-02-26T08:29:19+00:00\" \/>\n<meta name=\"twitter:card\" content=\"summary_large_image\" \/>\n<meta name=\"twitter:label1\" content=\"Gesch\u00e4tzte Lesezeit\" \/>\n\t<meta name=\"twitter:data1\" content=\"1\u00a0Minute\" \/>\n<script type=\"application\/ld+json\" class=\"yoast-schema-graph\">{\"@context\":\"https:\/\/schema.org\",\"@graph\":[{\"@type\":\"WebPage\",\"@id\":\"https:\/\/oberstadt-agenda-rv.de\/?page_id=17\",\"url\":\"https:\/\/oberstadt-agenda-rv.de\/?page_id=17\",\"name\":\"Impressum | Datenschutz - Oberstadt-Agenda Ravensburg\",\"isPartOf\":{\"@id\":\"https:\/\/oberstadt-agenda-rv.de\/#website\"},\"datePublished\":\"2016-02-24T21:55:14+00:00\",\"dateModified\":\"2025-02-26T08:29:19+00:00\",\"breadcrumb\":{\"@id\":\"https:\/\/oberstadt-agenda-rv.de\/?page_id=17#breadcrumb\"},\"inLanguage\":\"de\",\"potentialAction\":[{\"@type\":\"ReadAction\",\"target\":[\"https:\/\/oberstadt-agenda-rv.de\/?page_id=17\"]}]},{\"@type\":\"BreadcrumbList\",\"@id\":\"https:\/\/oberstadt-agenda-rv.de\/?page_id=17#breadcrumb\",\"itemListElement\":[{\"@type\":\"ListItem\",\"position\":1,\"name\":\"Startseite\",\"item\":\"https:\/\/oberstadt-agenda-rv.de\/\"},{\"@type\":\"ListItem\",\"position\":2,\"name\":\"Impressum | Datenschutz\"}]},{\"@type\":\"WebSite\",\"@id\":\"https:\/\/oberstadt-agenda-rv.de\/#website\",\"url\":\"https:\/\/oberstadt-agenda-rv.de\/\",\"name\":\"Oberstadt-Agenda Ravensburg\",\"description\":\"F\u00fcr bessere Wohnqualit\u00e4t\",\"publisher\":{\"@id\":\"https:\/\/oberstadt-agenda-rv.de\/#organization\"},\"potentialAction\":[{\"@type\":\"SearchAction\",\"target\":{\"@type\":\"EntryPoint\",\"urlTemplate\":\"https:\/\/oberstadt-agenda-rv.de\/?s={search_term_string}\"},\"query-input\":{\"@type\":\"PropertyValueSpecification\",\"valueRequired\":true,\"valueName\":\"search_term_string\"}}],\"inLanguage\":\"de\"},{\"@type\":\"Organization\",\"@id\":\"https:\/\/oberstadt-agenda-rv.de\/#organization\",\"name\":\"Oberstadt-Agenda Ravensburg\",\"url\":\"https:\/\/oberstadt-agenda-rv.de\/\",\"logo\":{\"@type\":\"ImageObject\",\"inLanguage\":\"de\",\"@id\":\"https:\/\/oberstadt-agenda-rv.de\/#\/schema\/logo\/image\/\",\"url\":\"https:\/\/oberstadt-agenda-rv.de\/wp-content\/uploads\/2019\/11\/cropped-city-1994690_1920.jpg\",\"contentUrl\":\"https:\/\/oberstadt-agenda-rv.de\/wp-content\/uploads\/2019\/11\/cropped-city-1994690_1920.jpg\",\"width\":2000,\"height\":1200,\"caption\":\"Oberstadt-Agenda Ravensburg\"},\"image\":{\"@id\":\"https:\/\/oberstadt-agenda-rv.de\/#\/schema\/logo\/image\/\"}}]}<\/script>\n<!-- \/ Yoast SEO plugin. -->","yoast_head_json":{"title":"Impressum | Datenschutz - Oberstadt-Agenda Ravensburg","robots":{"index":"index","follow":"follow","max-snippet":"max-snippet:-1","max-image-preview":"max-image-preview:large","max-video-preview":"max-video-preview:-1"},"canonical":"https:\/\/oberstadt-agenda-rv.de\/?page_id=17","og_locale":"de_DE","og_type":"article","og_title":"Impressum | Datenschutz - Oberstadt-Agenda Ravensburg","og_description":"Oberstadt-Agenda, vertreten durch den Agendagruppensprecher: Manfred Lenz, Marktstra\u00dfe 32, 88212 Ravensburg, Tel.siehe unter Kontakt. &nbsp; Haftungshinweis Trotz sorgf\u00e4ltiger inhaltlicher Kontrolle \u00fcbernehmen wir keine Haftung f\u00fcr die Inhalte externer Links. F\u00fcr den Inhalt der verlinkten Seiten sind ausschlie\u00dflich deren Betreiber verantwortlich. Datenschutz Die Nutzung unserer Webseite ist in der Regel ohne Angabe personenbezogener Daten m\u00f6glich. Soweit &hellip; \u201eImpressum | Datenschutz\u201c weiterlesen","og_url":"https:\/\/oberstadt-agenda-rv.de\/?page_id=17","og_site_name":"Oberstadt-Agenda Ravensburg","article_modified_time":"2025-02-26T08:29:19+00:00","twitter_card":"summary_large_image","twitter_misc":{"Gesch\u00e4tzte Lesezeit":"1\u00a0Minute"},"schema":{"@context":"https:\/\/schema.org","@graph":[{"@type":"WebPage","@id":"https:\/\/oberstadt-agenda-rv.de\/?page_id=17","url":"https:\/\/oberstadt-agenda-rv.de\/?page_id=17","name":"Impressum | Datenschutz - Oberstadt-Agenda Ravensburg","isPartOf":{"@id":"https:\/\/oberstadt-agenda-rv.de\/#website"},"datePublished":"2016-02-24T21:55:14+00:00","dateModified":"2025-02-26T08:29:19+00:00","breadcrumb":{"@id":"https:\/\/oberstadt-agenda-rv.de\/?page_id=17#breadcrumb"},"inLanguage":"de","potentialAction":[{"@type":"ReadAction","target":["https:\/\/oberstadt-agenda-rv.de\/?page_id=17"]}]},{"@type":"BreadcrumbList","@id":"https:\/\/oberstadt-agenda-rv.de\/?page_id=17#breadcrumb","itemListElement":[{"@type":"ListItem","position":1,"name":"Startseite","item":"https:\/\/oberstadt-agenda-rv.de\/"},{"@type":"ListItem","position":2,"name":"Impressum | Datenschutz"}]},{"@type":"WebSite","@id":"https:\/\/oberstadt-agenda-rv.de\/#website","url":"https:\/\/oberstadt-agenda-rv.de\/","name":"Oberstadt-Agenda Ravensburg","description":"F\u00fcr bessere Wohnqualit\u00e4t","publisher":{"@id":"https:\/\/oberstadt-agenda-rv.de\/#organization"},"potentialAction":[{"@type":"SearchAction","target":{"@type":"EntryPoint","urlTemplate":"https:\/\/oberstadt-agenda-rv.de\/?s={search_term_string}"},"query-input":{"@type":"PropertyValueSpecification","valueRequired":true,"valueName":"search_term_string"}}],"inLanguage":"de"},{"@type":"Organization","@id":"https:\/\/oberstadt-agenda-rv.de\/#organization","name":"Oberstadt-Agenda Ravensburg","url":"https:\/\/oberstadt-agenda-rv.de\/","logo":{"@type":"ImageObject","inLanguage":"de","@id":"https:\/\/oberstadt-agenda-rv.de\/#\/schema\/logo\/image\/","url":"https:\/\/oberstadt-agenda-rv.de\/wp-content\/uploads\/2019\/11\/cropped-city-1994690_1920.jpg","contentUrl":"https:\/\/oberstadt-agenda-rv.de\/wp-content\/uploads\/2019\/11\/cropped-city-1994690_1920.jpg","width":2000,"height":1200,"caption":"Oberstadt-Agenda Ravensburg"},"image":{"@id":"https:\/\/oberstadt-agenda-rv.de\/#\/schema\/logo\/image\/"}}]}},"_links":{"self":[{"href":"https:\/\/oberstadt-agenda-rv.de\/index.php?rest_route=\/wp\/v2\/pages\/17","targetHints":{"allow":["GET"]}}],"collection":[{"href":"https:\/\/oberstadt-agenda-rv.de\/index.php?rest_route=\/wp\/v2\/pages"}],"about":[{"href":"https:\/\/oberstadt-agenda-rv.de\/index.php?rest_route=\/wp\/v2\/types\/page"}],"author":[{"embeddable":true,"href":"https:\/\/oberstadt-agenda-rv.de\/index.php?rest_route=\/wp\/v2\/users\/1"}],"replies":[{"embeddable":true,"href":"https:\/\/oberstadt-agenda-rv.de\/index.php?rest_route=%2Fwp%2Fv2%2Fcomments&post=17"}],"version-history":[{"count":9,"href":"https:\/\/oberstadt-agenda-rv.de\/index.php?rest_route=\/wp\/v2\/pages\/17\/revisions"}],"predecessor-version":[{"id":300,"href":"https:\/\/oberstadt-agenda-rv.de\/index.php?rest_route=\/wp\/v2\/pages\/17\/revisions\/300"}],"wp:attachment":[{"href":"https:\/\/oberstadt-agenda-rv.de\/index.php?rest_route=%2Fwp%2Fv2%2Fmedia&parent=17"}],"curies":[{"name":"wp","href":"https:\/\/api.w.org\/{rel}","templated":true}]}}