{"id":7,"date":"2016-02-24T22:53:22","date_gmt":"2016-02-24T21:53:22","guid":{"rendered":"http:\/\/michael-havers.de\/oberstadt-agenda\/?page_id=7"},"modified":"2019-11-18T00:13:29","modified_gmt":"2019-11-17T23:13:29","slug":"termine","status":"publish","type":"page","link":"https:\/\/oberstadt-agenda-rv.de\/?page_id=7","title":{"rendered":"Termine"},"content":{"rendered":"<p><strong>\u201eProbleme k\u00f6nnen nicht gel\u00f6st werden, wenn sie nicht benannt werden\u201c<\/strong><\/p>\n<p>Ein neuer Gemeinderat wurde in diesem Jahr gew\u00e4hlt und wir hatten die Hoffnung, dass dieser neue Kreis sich intensiver um das nicht den Hochglanzbrosch\u00fcren entsprechende Erscheinungsbild der Oberstadt, bez\u00fcglich Wohn- und Aufenthaltsqualit\u00e4t, sowie Verkehrssicherheit in der ganzen historischen Oberstadt, und damit besonders um den massenhaften Durchgangsverkehr des Auto- und Motorradverkehrs durch die Altstadt k\u00fcmmern w\u00fcrde.<\/p>\n<p>Sp\u00e4testens das Gerangel um die sogenannte Sofa-Ecke Gespinstmarkt hat gezeigt, dass mit dem Begriff \u201eErreichbarkeit\u201c weiterhin die autogerechte Innenstadt das politische Ziel in RV bleibt.<br \/>\nDie Fortf\u00fchrung des bisherigen Verkehrskonzepts zeigt deutlich, dass niemand ernstlich die Absicht hat, den \u00fcberbordenden Verkehr im \u00e4ltesten Stadtteil von RV zu reduzieren, der ja nicht vom Himmel gefallen ist, sondern haupts\u00e4chlich, wie auch das Beispiel Gespinstmarkt, durch Verkehrsverlagerungen entstanden ist.<\/p>\n<p>Besonders die Frage, warum die Burgstra\u00dfe f\u00fcr die Erreichbarkeit der Innenstadt lebenswichtig sein soll, konnten bisher nicht einmal die in der Oberstadt angesiedelten H\u00e4ndler konkretisieren. Damit kann man weder den Internet-Handel reduzieren, noch die Attraktivit\u00e4t der Altstadt erhalten.<br \/>\nAuch deshalb unverst\u00e4ndlich, nachdem sich ADAC, ADFC und Fuss e.V. einig sind mit ihrem Aufruf \u201eMan muss dem Auto endlich Fl\u00e4chen wegnehmen\u201c.<\/p>\n<p>Warum wird ein der Stadt vorliegendes Gutachten Burgstra\u00dfe \u2013 \u201edass trotz der besonderen Topographie von RV eine L\u00f6sung zur Verkehrsentspannung f\u00fcr die Oberstadt m\u00f6glich ist&#8220; von der Erreichbarkeits-Fraktion ignoriert?<br \/>\nDie naheliegende L\u00f6sung, einen unabh\u00e4ngigen, der Zeit entsprechenden Experten, \u00e4hnlich dem Stadtplaner Jan Gehl, statt einzelner Konzepte einen<br \/>\nVerkehrsplan f\u00fcr die Innenstadt zu erstellen und die entsprechenden Ma\u00dfnahmen durchzusetzen, wird vermutlich aus Angst der jetzigen Akteure, die Dominanz \u00fcber die Oberstadt zu verlieren, nicht gesucht.<br \/>\nDaf\u00fcr verweist die Verwaltung lediglich auf einen ausstehenden Verkehrswegeplan \u201eMittleres Schussental\u201c !!!<\/p>\n<p>Nebenbei w\u00fcrde ein entsprechender Stadtplaner sicher, wenigstens vorher die Frage stellen, ob und wie die Durchfahrt des zus\u00e4tzlichen Fu\u00dfg\u00e4nger und Fahrradverkehrs von der geplanten Br\u00fcckenverbindung \u00fcber die Wangenerstra\u00dfe durch das Obertor \u00fcberhaupt m\u00f6glich ist, wenn die gesch\u00e4tzten 1400 Fu\u00dfg\u00e4nger und Fahrradfahrer von der Oststadt dann am Obertor ankommen und mit dem Gegenverkehr von t\u00e4glich 8000 bis 9000 Autos an der einspurigen Engstelle Obertor zusammen kommen \u2013 und daneben auch noch die Ein-\/Ausfahrt einer Tiefgarage mit 34 Stellpl\u00e4tzen liegt.<\/p>\n<p>Wie schade f\u00fcr die Stadt, dass unser Appell, mit zeitgem\u00e4\u00dfen Vorschl\u00e4gen zu einer heute und f\u00fcr die Zukunft aktuellen Verkehrsf\u00fchrung f\u00fcr diesen geplagten, historisch gut erhaltenen Innen-\/Kernstadtteil von keinem der Verantwortlichen beantwortet oder diskutiert wurde. Das zeigt den Grad der Wertsch\u00e4tzung unserer Arbeit, den wir bei den Gremien haben.<\/p>\n<p>Fazit: Solange sich RV auf der seit 40 Jahren veralteten \u201eautogerechten Innenstadtpolitik\u201c weiter ausruhen will \u2013 und lediglich Verkehrsverschiebungen innerhalb der Kernstadt stattfinden, mit denen kein Auto weniger durch die Innenstadt f\u00e4hrt, d\u00fcrfte unser weiteres Engagement \u201eeiner zeitgem\u00e4\u00dfen, mach- und finanzierbaren Verbesserung zur Erhaltung der Oberstadt\u201c mit Hilfe von B\u00fcrgerversammlungen etc., zumindest gegenw\u00e4rtig reine Zeitverschwendung sein. Trotzdem werden wir interessante Entwicklungen in dieser Sache beobachten und gerne, wie bisher an Sie weiterleiten.<\/p>\n<p>Die Web-Seite <a href=\"http:\/\/www.oberstadt-agenda-rv.de\"><strong>www.oberstadt-agenda-rv.de<\/strong><\/a> betreiben wir weiterhin.<\/p>\n","protected":false},"excerpt":{"rendered":"<p>\u201eProbleme k\u00f6nnen nicht gel\u00f6st werden, wenn sie nicht benannt werden\u201c Ein neuer Gemeinderat wurde in diesem Jahr gew\u00e4hlt und wir hatten die Hoffnung, dass dieser neue Kreis sich intensiver um das nicht den Hochglanzbrosch\u00fcren entsprechende Erscheinungsbild der Oberstadt, bez\u00fcglich Wohn- und Aufenthaltsqualit\u00e4t, sowie Verkehrssicherheit in der ganzen historischen Oberstadt, und damit besonders um den massenhaften &hellip; <\/p>\n<p class=\"link-more\"><a href=\"https:\/\/oberstadt-agenda-rv.de\/?page_id=7\" class=\"more-link\"><span class=\"screen-reader-text\">\u201eTermine\u201c<\/span> weiterlesen<\/a><\/p>\n","protected":false},"author":1,"featured_media":0,"parent":0,"menu_order":1,"comment_status":"closed","ping_status":"open","template":"","meta":{"footnotes":""},"class_list":["post-7","page","type-page","status-publish","hentry"],"yoast_head":"<!-- This site is optimized with the Yoast SEO plugin v25.2 - https:\/\/yoast.com\/wordpress\/plugins\/seo\/ -->\n<title>Termine - Oberstadt-Agenda Ravensburg<\/title>\n<meta name=\"robots\" content=\"index, follow, max-snippet:-1, max-image-preview:large, max-video-preview:-1\" \/>\n<link rel=\"canonical\" href=\"https:\/\/oberstadt-agenda-rv.de\/?page_id=7\" \/>\n<meta property=\"og:locale\" content=\"de_DE\" \/>\n<meta property=\"og:type\" content=\"article\" \/>\n<meta property=\"og:title\" content=\"Termine - Oberstadt-Agenda Ravensburg\" \/>\n<meta property=\"og:description\" content=\"\u201eProbleme k\u00f6nnen nicht gel\u00f6st werden, wenn sie nicht benannt werden\u201c Ein neuer Gemeinderat wurde in diesem Jahr gew\u00e4hlt und wir hatten die Hoffnung, dass dieser neue Kreis sich intensiver um das nicht den Hochglanzbrosch\u00fcren entsprechende Erscheinungsbild der Oberstadt, bez\u00fcglich Wohn- und Aufenthaltsqualit\u00e4t, sowie Verkehrssicherheit in der ganzen historischen Oberstadt, und damit besonders um den massenhaften &hellip; \u201eTermine\u201c weiterlesen\" \/>\n<meta property=\"og:url\" content=\"https:\/\/oberstadt-agenda-rv.de\/?page_id=7\" \/>\n<meta property=\"og:site_name\" content=\"Oberstadt-Agenda Ravensburg\" \/>\n<meta property=\"article:modified_time\" content=\"2019-11-17T23:13:29+00:00\" \/>\n<meta name=\"twitter:card\" content=\"summary_large_image\" \/>\n<meta name=\"twitter:label1\" content=\"Gesch\u00e4tzte Lesezeit\" \/>\n\t<meta name=\"twitter:data1\" content=\"3\u00a0Minuten\" \/>\n<script type=\"application\/ld+json\" class=\"yoast-schema-graph\">{\"@context\":\"https:\/\/schema.org\",\"@graph\":[{\"@type\":\"WebPage\",\"@id\":\"https:\/\/oberstadt-agenda-rv.de\/?page_id=7\",\"url\":\"https:\/\/oberstadt-agenda-rv.de\/?page_id=7\",\"name\":\"Termine - Oberstadt-Agenda Ravensburg\",\"isPartOf\":{\"@id\":\"https:\/\/oberstadt-agenda-rv.de\/#website\"},\"datePublished\":\"2016-02-24T21:53:22+00:00\",\"dateModified\":\"2019-11-17T23:13:29+00:00\",\"breadcrumb\":{\"@id\":\"https:\/\/oberstadt-agenda-rv.de\/?page_id=7#breadcrumb\"},\"inLanguage\":\"de\",\"potentialAction\":[{\"@type\":\"ReadAction\",\"target\":[\"https:\/\/oberstadt-agenda-rv.de\/?page_id=7\"]}]},{\"@type\":\"BreadcrumbList\",\"@id\":\"https:\/\/oberstadt-agenda-rv.de\/?page_id=7#breadcrumb\",\"itemListElement\":[{\"@type\":\"ListItem\",\"position\":1,\"name\":\"Startseite\",\"item\":\"https:\/\/oberstadt-agenda-rv.de\/\"},{\"@type\":\"ListItem\",\"position\":2,\"name\":\"Termine\"}]},{\"@type\":\"WebSite\",\"@id\":\"https:\/\/oberstadt-agenda-rv.de\/#website\",\"url\":\"https:\/\/oberstadt-agenda-rv.de\/\",\"name\":\"Oberstadt-Agenda Ravensburg\",\"description\":\"F\u00fcr bessere Wohnqualit\u00e4t\",\"publisher\":{\"@id\":\"https:\/\/oberstadt-agenda-rv.de\/#organization\"},\"potentialAction\":[{\"@type\":\"SearchAction\",\"target\":{\"@type\":\"EntryPoint\",\"urlTemplate\":\"https:\/\/oberstadt-agenda-rv.de\/?s={search_term_string}\"},\"query-input\":{\"@type\":\"PropertyValueSpecification\",\"valueRequired\":true,\"valueName\":\"search_term_string\"}}],\"inLanguage\":\"de\"},{\"@type\":\"Organization\",\"@id\":\"https:\/\/oberstadt-agenda-rv.de\/#organization\",\"name\":\"Oberstadt-Agenda Ravensburg\",\"url\":\"https:\/\/oberstadt-agenda-rv.de\/\",\"logo\":{\"@type\":\"ImageObject\",\"inLanguage\":\"de\",\"@id\":\"https:\/\/oberstadt-agenda-rv.de\/#\/schema\/logo\/image\/\",\"url\":\"https:\/\/oberstadt-agenda-rv.de\/wp-content\/uploads\/2019\/11\/cropped-city-1994690_1920.jpg\",\"contentUrl\":\"https:\/\/oberstadt-agenda-rv.de\/wp-content\/uploads\/2019\/11\/cropped-city-1994690_1920.jpg\",\"width\":2000,\"height\":1200,\"caption\":\"Oberstadt-Agenda Ravensburg\"},\"image\":{\"@id\":\"https:\/\/oberstadt-agenda-rv.de\/#\/schema\/logo\/image\/\"}}]}<\/script>\n<!-- \/ Yoast SEO plugin. -->","yoast_head_json":{"title":"Termine - Oberstadt-Agenda Ravensburg","robots":{"index":"index","follow":"follow","max-snippet":"max-snippet:-1","max-image-preview":"max-image-preview:large","max-video-preview":"max-video-preview:-1"},"canonical":"https:\/\/oberstadt-agenda-rv.de\/?page_id=7","og_locale":"de_DE","og_type":"article","og_title":"Termine - Oberstadt-Agenda Ravensburg","og_description":"\u201eProbleme k\u00f6nnen nicht gel\u00f6st werden, wenn sie nicht benannt werden\u201c Ein neuer Gemeinderat wurde in diesem Jahr gew\u00e4hlt und wir hatten die Hoffnung, dass dieser neue Kreis sich intensiver um das nicht den Hochglanzbrosch\u00fcren entsprechende Erscheinungsbild der Oberstadt, bez\u00fcglich Wohn- und Aufenthaltsqualit\u00e4t, sowie Verkehrssicherheit in der ganzen historischen Oberstadt, und damit besonders um den massenhaften &hellip; \u201eTermine\u201c weiterlesen","og_url":"https:\/\/oberstadt-agenda-rv.de\/?page_id=7","og_site_name":"Oberstadt-Agenda Ravensburg","article_modified_time":"2019-11-17T23:13:29+00:00","twitter_card":"summary_large_image","twitter_misc":{"Gesch\u00e4tzte Lesezeit":"3\u00a0Minuten"},"schema":{"@context":"https:\/\/schema.org","@graph":[{"@type":"WebPage","@id":"https:\/\/oberstadt-agenda-rv.de\/?page_id=7","url":"https:\/\/oberstadt-agenda-rv.de\/?page_id=7","name":"Termine - Oberstadt-Agenda Ravensburg","isPartOf":{"@id":"https:\/\/oberstadt-agenda-rv.de\/#website"},"datePublished":"2016-02-24T21:53:22+00:00","dateModified":"2019-11-17T23:13:29+00:00","breadcrumb":{"@id":"https:\/\/oberstadt-agenda-rv.de\/?page_id=7#breadcrumb"},"inLanguage":"de","potentialAction":[{"@type":"ReadAction","target":["https:\/\/oberstadt-agenda-rv.de\/?page_id=7"]}]},{"@type":"BreadcrumbList","@id":"https:\/\/oberstadt-agenda-rv.de\/?page_id=7#breadcrumb","itemListElement":[{"@type":"ListItem","position":1,"name":"Startseite","item":"https:\/\/oberstadt-agenda-rv.de\/"},{"@type":"ListItem","position":2,"name":"Termine"}]},{"@type":"WebSite","@id":"https:\/\/oberstadt-agenda-rv.de\/#website","url":"https:\/\/oberstadt-agenda-rv.de\/","name":"Oberstadt-Agenda Ravensburg","description":"F\u00fcr bessere Wohnqualit\u00e4t","publisher":{"@id":"https:\/\/oberstadt-agenda-rv.de\/#organization"},"potentialAction":[{"@type":"SearchAction","target":{"@type":"EntryPoint","urlTemplate":"https:\/\/oberstadt-agenda-rv.de\/?s={search_term_string}"},"query-input":{"@type":"PropertyValueSpecification","valueRequired":true,"valueName":"search_term_string"}}],"inLanguage":"de"},{"@type":"Organization","@id":"https:\/\/oberstadt-agenda-rv.de\/#organization","name":"Oberstadt-Agenda Ravensburg","url":"https:\/\/oberstadt-agenda-rv.de\/","logo":{"@type":"ImageObject","inLanguage":"de","@id":"https:\/\/oberstadt-agenda-rv.de\/#\/schema\/logo\/image\/","url":"https:\/\/oberstadt-agenda-rv.de\/wp-content\/uploads\/2019\/11\/cropped-city-1994690_1920.jpg","contentUrl":"https:\/\/oberstadt-agenda-rv.de\/wp-content\/uploads\/2019\/11\/cropped-city-1994690_1920.jpg","width":2000,"height":1200,"caption":"Oberstadt-Agenda Ravensburg"},"image":{"@id":"https:\/\/oberstadt-agenda-rv.de\/#\/schema\/logo\/image\/"}}]}},"_links":{"self":[{"href":"https:\/\/oberstadt-agenda-rv.de\/index.php?rest_route=\/wp\/v2\/pages\/7","targetHints":{"allow":["GET"]}}],"collection":[{"href":"https:\/\/oberstadt-agenda-rv.de\/index.php?rest_route=\/wp\/v2\/pages"}],"about":[{"href":"https:\/\/oberstadt-agenda-rv.de\/index.php?rest_route=\/wp\/v2\/types\/page"}],"author":[{"embeddable":true,"href":"https:\/\/oberstadt-agenda-rv.de\/index.php?rest_route=\/wp\/v2\/users\/1"}],"replies":[{"embeddable":true,"href":"https:\/\/oberstadt-agenda-rv.de\/index.php?rest_route=%2Fwp%2Fv2%2Fcomments&post=7"}],"version-history":[{"count":14,"href":"https:\/\/oberstadt-agenda-rv.de\/index.php?rest_route=\/wp\/v2\/pages\/7\/revisions"}],"predecessor-version":[{"id":236,"href":"https:\/\/oberstadt-agenda-rv.de\/index.php?rest_route=\/wp\/v2\/pages\/7\/revisions\/236"}],"wp:attachment":[{"href":"https:\/\/oberstadt-agenda-rv.de\/index.php?rest_route=%2Fwp%2Fv2%2Fmedia&parent=7"}],"curies":[{"name":"wp","href":"https:\/\/api.w.org\/{rel}","templated":true}]}}